{"id":31,"date":"2020-09-10T13:49:32","date_gmt":"2020-09-10T11:49:32","guid":{"rendered":"https:\/\/teddy87.lima-city.de\/?page_id=31"},"modified":"2021-04-20T15:48:39","modified_gmt":"2021-04-20T13:48:39","slug":"innovationsworkshop","status":"publish","type":"page","link":"https:\/\/nachhaltig-wirtschaften-mitteldeutschland.de\/startseite\/innovationsworkshop\/","title":{"rendered":"Aktivit\u00e4ten"},"content":{"rendered":"\r\n<div class=\"wp-block-spacer\" style=\"height: 50px;\" aria-hidden=\"true\">\u00a0<\/div>\r\n\r\n\r\n\r\n<h2 class=\"wp-block-heading\">Aktivit\u00e4ten<\/h2>\r\n\r\n\r\n\r\n<p>Das Netzwerk &#8222;Nachhaltigkeit in der Wirtschaft&#8220; m\u00f6chte Experten und Interessenten auf Augenh\u00f6he zu konkreten Themen zusammenbringen, um Akzeptanz und Potenziale f\u00fcr nachhaltige L\u00f6sungen zu ermitteln, zu aktivieren und zu kommunizieren. Mit diesen sogenannten Innovationsworkshops soll eine vertrauensw\u00fcrdige, unabh\u00e4ngige Plattform f\u00fcr wertsch\u00e4tzenden Informationsaustausch geschaffen, Transparenz hergestellt und nachhaltige Handlungsperspektiven erarbeitet werden. Aufgrund der Komplexit\u00e4t der wirtschaftlichen, gesellschaftlichen und \u00f6kologischen Zusammenh\u00e4nge wird die Notwendigkeit gesehen, neue Ans\u00e4tze aus verschiedenen Blickwinkeln zu diskutieren und einen gemeinschaftlichen Konsens zu finden &#8211; sozusagen \u201eproved by partners\u201c &#8211; um sich einer nachhaltigen L\u00f6sung anzun\u00e4hern. Au\u00dferdem sollen wirtschaftliche Entwicklungen sowie nachhaltige Beispiele in diesem Bereich sichtbar gemacht und kommuniziert werden.<\/p>\r\n","protected":false},"excerpt":{"rendered":"<p>Aktivit\u00e4ten Das Netzwerk &#8222;Nachhaltigkeit in der Wirtschaft&#8220; m\u00f6chte Experten und Interessenten auf Augenh\u00f6he zu konkreten Themen zusammenbringen, um Akzeptanz und Potenziale f\u00fcr nachhaltige L\u00f6sungen zu ermitteln, zu aktivieren und zu [&hellip;]<\/p>\n","protected":false},"author":1,"featured_media":0,"parent":0,"menu_order":0,"comment_status":"closed","ping_status":"closed","template":"","meta":{"footnotes":""},"_links":{"self":[{"href":"https:\/\/nachhaltig-wirtschaften-mitteldeutschland.de\/startseite\/wp-json\/wp\/v2\/pages\/31"}],"collection":[{"href":"https:\/\/nachhaltig-wirtschaften-mitteldeutschland.de\/startseite\/wp-json\/wp\/v2\/pages"}],"about":[{"href":"https:\/\/nachhaltig-wirtschaften-mitteldeutschland.de\/startseite\/wp-json\/wp\/v2\/types\/page"}],"author":[{"embeddable":true,"href":"https:\/\/nachhaltig-wirtschaften-mitteldeutschland.de\/startseite\/wp-json\/wp\/v2\/users\/1"}],"replies":[{"embeddable":true,"href":"https:\/\/nachhaltig-wirtschaften-mitteldeutschland.de\/startseite\/wp-json\/wp\/v2\/comments?post=31"}],"version-history":[{"count":6,"href":"https:\/\/nachhaltig-wirtschaften-mitteldeutschland.de\/startseite\/wp-json\/wp\/v2\/pages\/31\/revisions"}],"predecessor-version":[{"id":874,"href":"https:\/\/nachhaltig-wirtschaften-mitteldeutschland.de\/startseite\/wp-json\/wp\/v2\/pages\/31\/revisions\/874"}],"wp:attachment":[{"href":"https:\/\/nachhaltig-wirtschaften-mitteldeutschland.de\/startseite\/wp-json\/wp\/v2\/media?parent=31"}],"curies":[{"name":"wp","href":"https:\/\/api.w.org\/{rel}","templated":true}]}}