{"id":3,"date":"2020-09-04T15:47:04","date_gmt":"2020-09-04T13:47:04","guid":{"rendered":"https:\/\/teddy87.lima-city.de\/?page_id=3"},"modified":"2020-09-29T15:53:22","modified_gmt":"2020-09-29T13:53:22","slug":"datenschutzerklaerung","status":"publish","type":"page","link":"https:\/\/nachhaltig-wirtschaften-mitteldeutschland.de\/startseite\/datenschutzerklaerung\/","title":{"rendered":"Datenschutzerkl\u00e4rung"},"content":{"rendered":"\n<div style=\"height:50px\" aria-hidden=\"true\" class=\"wp-block-spacer\"><\/div>\n\n\n\n<h1 class=\"has-text-align-left wp-block-heading\">Datenschutz<\/h1>\n\n\n\n<p>Im Folgenden informieren wir \u00fcber die Verarbeitung personenbezogener Daten. Personenbezogene Daten sind alle Daten, die auf Sie pers\u00f6nlich beziehbar sind, z. B. Name, Adresse, E-Mail-Adressen, Nutzerverhalten.<\/p>\n\n\n\n<div style=\"height:50px\" aria-hidden=\"true\" class=\"wp-block-spacer\"><\/div>\n\n\n\n<h2 class=\"wp-block-heading\">I. Name und Anschrift des Verantwortlichen<\/h2>\n\n\n\n<p>Der Verantwortliche im Sinne der datenschutzrechtlichen Bestimmungen ist die: <br><br>Industrie- und Handelskammer Halle-Dessau<br>Franckestra\u00dfe 5<br>06110 Halle (Saale)<br>Tel.: 0345 2126-0<br>Fax: 0345 2126-105<br>E-Mail: <a href=\"mailto:info@halle.ihk.de\">info@halle.ihk.de<\/a><\/p>\n\n\n\n<h4 class=\"wp-block-heading\">Datenschutzbeauftragter<\/h4>\n\n\n\n<p>Industrie- und Handelskammer Halle-Dessau<br>-Datenschutzbeauftragter-<br>Franckestra\u00dfe 5<br>06110 Halle (Saale)<br>Tel.: 0345 2126-0<br>Fax: 0345 2126-105<br>E-Mail: <a href=\"mailto:datenschutz@halle.ihk.de\" data-type=\"mailto\" data-id=\"mailto:datenschutz@halle.ihk.de\">datenschutz@halle.ihk.de<\/a><\/p>\n\n\n\n<div style=\"height:50px\" aria-hidden=\"true\" class=\"wp-block-spacer\"><\/div>\n\n\n\n<h2 class=\"wp-block-heading\">II. Informationen zum Internetangebot<\/h2>\n\n\n\n<p>Wir verarbeiten personenbezogene Daten der Nutzer unserer Website grunds\u00e4tzlich nur, soweit dies zur Bereitstellung einer funktionsf\u00e4higen Website sowie unserer Inhalte und Leistungen erforderlich ist. Die Verarbeitung personenbezogener Daten der Nutzer unserer Website erfolgt regelm\u00e4\u00dfig nur nach Einwilligung des Nutzers. Eine Ausnahme gilt in solchen F\u00e4llen, in denen eine vorherige Einholung einer Einwilligung aus tats\u00e4chlichen Gr\u00fcnden nicht m\u00f6glich ist und die Verarbeitung der Daten durch gesetzliche Vorschriften gestattet ist.<\/p>\n\n\n\n<h3 class=\"wp-block-heading\">Rechtsgrundlage f\u00fcr die Verarbeitung personenbezogener Daten<\/h3>\n\n\n\n<p>(1)&nbsp;&nbsp;&nbsp;&nbsp;&nbsp;&nbsp;&nbsp;&nbsp;&nbsp; Einwilligung Art. 6 Abs. 1 lit. a DSGVO<br>(2)&nbsp;&nbsp;&nbsp;&nbsp;&nbsp;&nbsp;&nbsp;&nbsp;&nbsp; Erf\u00fcllung eines Vertrages bzw. vorvertragliche Ma\u00dfnahmen Art. 6 Abs. 1 lit. b DSGVO<br>(3)&nbsp;&nbsp;&nbsp;&nbsp;&nbsp;&nbsp;&nbsp;&nbsp;&nbsp; Erf\u00fcllung einer rechtlichen Verpflichtung Art. 6 Abs. 1 lit. c DSGVO<br>(4)&nbsp;&nbsp;&nbsp;&nbsp;&nbsp;&nbsp;&nbsp;&nbsp;&nbsp; Wahrnehmung einer Aufgabe im \u00f6ffentlichen Interesse Art. 6 Abs. 1 lit. e DSGVO<br>(5)&nbsp;&nbsp;&nbsp;&nbsp;&nbsp;&nbsp;&nbsp;&nbsp;&nbsp; Wahrung der berechtigten Interessen des Verantwortlichen Art. 6 Abs. 1 lit. f DSGVO<\/p>\n\n\n\n<h3 class=\"wp-block-heading\">Datenl\u00f6schung und Speicherdauer<\/h3>\n\n\n\n<p>Die personenbezogenen Daten der betroffenen Person werden gel\u00f6scht oder gesperrt, sobald der Zweck der Speicherung entf\u00e4llt. Eine Speicherung kann dar\u00fcber hinaus erfolgen, wenn dies durch gesetzliche Regelungen oder sonstige Vorschriften, denen der Verantwortliche unterliegt, vorgesehen wurde. Eine Sperrung oder L\u00f6schung der Daten erfolgt auch dann, wenn eine durch die genannten Normen vorgeschriebene Speicherfrist abl\u00e4uft, es sei denn, dass eine Erforderlichkeit zur weiteren Speicherung der Daten f\u00fcr einen Vertragsabschluss oder eine Vertragserf\u00fcllung besteht.<\/p>\n\n\n\n<h4 class=\"wp-block-heading\">1. Bereitstellung der Website<\/h4>\n\n\n\n<h5 class=\"wp-block-heading\"><strong>Beschreibung und Umfang der Datenverarbeitung<\/strong><\/h5>\n\n\n\n<p>Bei jedem Aufruf unserer Internetseite erfasst unser System automatisiert Daten und Informationen vom Computersystem des aufrufenden Rechners. <br>Folgende Daten werden hierbei erhoben: <br><br>(1)&nbsp;&nbsp;&nbsp;&nbsp;&nbsp;&nbsp;&nbsp;&nbsp;&nbsp; Informationen \u00fcber den Browsertyp und die verwendete Version <br>(2)&nbsp;&nbsp;&nbsp;&nbsp;&nbsp;&nbsp;&nbsp;&nbsp;&nbsp; Das Betriebssystem des Nutzers<br>(3)&nbsp;&nbsp;&nbsp;&nbsp;&nbsp;&nbsp;&nbsp;&nbsp;&nbsp; Den Internet-Service-Provider des Nutzers <br>(4)&nbsp;&nbsp;&nbsp;&nbsp;&nbsp;&nbsp;&nbsp;&nbsp;&nbsp; Die IP-Adresse des Nutzers <br>(5)&nbsp;&nbsp;&nbsp;&nbsp;&nbsp;&nbsp;&nbsp;&nbsp;&nbsp; Datum und Uhrzeit des Zugriffs <br>(6)&nbsp;&nbsp;&nbsp;&nbsp;&nbsp;&nbsp;&nbsp;&nbsp;&nbsp; Websites, von denen das System des Nutzers auf unsere Internetseite gelangt <br><br>Die Daten werden ebenfalls in den Logfiles unseres Systems gespeichert. Eine Speicherung dieser Daten zusammen mit anderen personenbezogenen Daten des Nutzers findet nicht statt.<\/p>\n\n\n\n<h5 class=\"wp-block-heading\"><strong><strong>Rechtsgrundlage f\u00fcr die Datenverarbeitung<\/strong><\/strong><\/h5>\n\n\n\n<p>Rechtsgrundlage f\u00fcr die vor\u00fcbergehende Speicherung der Daten ist Art. 6 Abs. 1 lit. f DSGVO.<\/p>\n\n\n\n<h5 class=\"wp-block-heading\"><strong>Zweck der Datenverarbeitung<\/strong><\/h5>\n\n\n\n<p>Die vor\u00fcbergehende Speicherung der IP-Adresse durch das System ist notwendig, um eine Auslieferung der Website an den Rechner des Nutzers zu erm\u00f6glichen. Hierf\u00fcr muss die IP-Adresse des Nutzers f\u00fcr die Dauer der Sitzung gespeichert bleiben. Die Speicherung in Logfiles erfolgt, um die Funktionsf\u00e4higkeit der Website sicherzustellen. Zudem dienen uns die Daten zur Optimierung der Website und zur Sicherstellung der Sicherheit unserer informationstechnischen Systeme. Eine Auswertung der Daten zu Marketingzwecken findet in diesem Zusammenhang nicht statt. In diesen Zwecken liegt auch unser berechtigtes Interesse an der Datenverarbeitung nach Art. 6 Abs. 1 lit. f DSGVO.<\/p>\n\n\n\n<h5 class=\"wp-block-heading\"><strong>Dauer der Speicherung<\/strong><\/h5>\n\n\n\n<p>Die Daten werden gel\u00f6scht, sobald sie f\u00fcr die Erreichung des Zweckes ihrer Erhebung nicht mehr erforderlich sind. Im Falle der Erfassung der Daten zur Bereitstellung der Website ist dies der Fall, wenn die jeweilige Sitzung beendet ist. Im Falle der Speicherung der Daten in Logfiles ist dies nach sp\u00e4testens sieben Tagen der Fall. Eine dar\u00fcberhinausgehende Speicherung ist m\u00f6glich. In diesem Fall werden die IP-Adressen der Nutzer gel\u00f6scht oder verfremdet, sodass eine Zuordnung des aufrufenden Clients nicht mehr m\u00f6glich ist.<\/p>\n\n\n\n<h5 class=\"wp-block-heading\"><strong>Widerspruchs- und Beseitigungsm\u00f6glichkeit<\/strong><\/h5>\n\n\n\n<p>Die Erfassung der Daten zur Bereitstellung der Website und die Speicherung der Daten in Logfiles ist f\u00fcr den Betrieb der Internetseite zwingend erforderlich. Es besteht folglich seitens des Nutzers keine Widerspruchsm\u00f6glichkeit.<\/p>\n\n\n\n<h4 class=\"wp-block-heading\">2. Verwendung von Cookies<\/h4>\n\n\n\n<h5 class=\"wp-block-heading\"><strong>Beschreibung und Umfang der Datenverarbeitung<\/strong><\/h5>\n\n\n\n<p>Unsere Webseite verwendet Cookies. Bei Cookies handelt es sich um Textdateien, die im Internetbrowser bzw. vom Internetbrowser auf dem Computersystem des Nutzers gespeichert werden. Ruft ein Nutzer eine Website auf, so kann ein Cookie auf dem Betriebssystem des Nutzers gespeichert werden. Dieser Cookie enth\u00e4lt eine charakteristische Zeichenfolge, die eine eindeutige Identifizierung des Browsers beim erneuten Aufrufen der Website erm\u00f6glicht. <br>Wir setzen Cookies ein, um unsere Website nutzerfreundlicher zu gestalten. Einige Elemente unserer Internetseite erfordern es, dass der aufrufende Browser auch nach einem Seitenwechsel identifiziert werden kann. <br>Wir verwenden auf unserer Website keine Cookies, die eine Analyse des Surfverhaltens der Nutzer erm\u00f6glichen.<\/p>\n\n\n\n<h5 class=\"wp-block-heading\"><strong>Rechtsgrundlage f\u00fcr die Datenverarbeitung<\/strong><\/h5>\n\n\n\n<p>Die Rechtsgrundlage f\u00fcr die Verarbeitung personenbezogener Daten unter Verwendung von Cookies ist Art. 6 Abs. 1 lit. f DSGVO.<\/p>\n\n\n\n<h5 class=\"wp-block-heading\"><strong>Zweck der Datenverarbeitung<\/strong><\/h5>\n\n\n\n<p>Der Zweck der Verwendung technisch notwendiger Cookies ist, die Nutzung von Websites f\u00fcr die Nutzer zu vereinfachen. Einige Funktionen unserer Internetseite k\u00f6nnen ohne den Einsatz von Cookies nicht angeboten werden. F\u00fcr diese ist es erforderlich, dass der Browser auch nach einem Seitenwechsel wiedererkannt wird. Die durch technisch notwendige Cookies erhobenen Nutzerdaten werden nicht zur Erstellung von Nutzerprofilen verwendet.<\/p>\n\n\n\n<h5 class=\"wp-block-heading\"><strong>Dauer der Speicherung, Widerspruchs- und Beseitigungsm\u00f6glichkeit<\/strong><\/h5>\n\n\n\n<p>Cookies werden auf dem Rechner des Nutzers gespeichert und von diesem an unsere Seite \u00fcbermittelt. Daher haben Sie als Nutzer auch die volle Kontrolle \u00fcber die Verwendung von Cookies. Durch eine \u00c4nderung der Einstellungen in Ihrem Internetbrowser k\u00f6nnen Sie die \u00dcbertragung von Cookies deaktivieren oder einschr\u00e4nken. Bereits gespeicherte Cookies k\u00f6nnen jederzeit gel\u00f6scht werden. Dies kann auch automatisiert erfolgen. Werden Cookies f\u00fcr unsere Website deaktiviert, k\u00f6nnen m\u00f6glicherweise nicht mehr alle Funktionen der Website vollumf\u00e4nglich genutzt werden.<\/p>\n\n\n\n<h4 class=\"wp-block-heading\">3. E-Mail-Kontakt<\/h4>\n\n\n\n<h5 class=\"wp-block-heading\"><strong>Beschreibung und Umfang der Datenverarbeitung<\/strong><\/h5>\n\n\n\n<p>Auf unserer Internetseite ist eine Kontaktaufnahme \u00fcber die bereitgestellte E-Mail-Adresse m\u00f6glich. In diesem Fall werden die mit der E-Mail \u00fcbermittelten personenbezogenen Daten des Nutzers gespeichert. Es erfolgt in diesem Zusammenhang keine Weitergabe der Daten an Dritte. Die Daten werden ausschlie\u00dflich f\u00fcr die Verarbeitung der Konversation verwendet.<\/p>\n\n\n\n<h5 class=\"wp-block-heading\"><strong>Rechtsgrundlage f\u00fcr die Datenverarbeitung<\/strong><\/h5>\n\n\n\n<p>Rechtsgrundlage f\u00fcr die Verarbeitung der Daten, die im Zuge einer \u00dcbersendung einer E-Mail \u00fcbermittelt werden, ist Art. 6 Abs. 1 lit. f DSGVO. Zielt der E-Mail-Kontakt auf den Abschluss eines Vertrages ab, so ist zus\u00e4tzliche Rechtsgrundlage f\u00fcr die Verarbeitung Art. 6 Abs. 1 lit. b DSGVO.<\/p>\n\n\n\n<h5 class=\"wp-block-heading\"><strong>Zweck der Datenverarbeitung<\/strong><\/h5>\n\n\n\n<p>Die Verarbeitung der personenbezogenen Daten dient uns allein zur Bearbeitung der Kontaktaufnahme. Im Falle einer Kontaktaufnahme per E-Mail liegt hieran auch das erforderliche berechtigte Interesse an der Verarbeitung der Daten.<\/p>\n\n\n\n<h5 class=\"wp-block-heading\"><strong>Dauer der Speicherung<\/strong><\/h5>\n\n\n\n<p>Die Daten werden gel\u00f6scht, sobald sie f\u00fcr die Erreichung des Zweckes ihrer Erhebung nicht mehr erforderlich sind. F\u00fcr die personenbezogenen Daten, die per E-Mail \u00fcbersandt wurden, ist dies dann der Fall, wenn die jeweilige Konversation mit dem Nutzer beendet ist. Beendet ist die Konversation dann, wenn sich aus den Umst\u00e4nden entnehmen l\u00e4sst, dass der betroffene Sachverhalt abschlie\u00dfend gekl\u00e4rt ist.<\/p>\n\n\n\n<h5 class=\"wp-block-heading\"><strong>Widerspruchs- und Beseitigungsm\u00f6glichkeit<\/strong><\/h5>\n\n\n\n<p>Nimmt der Nutzer per E-Mail Kontakt mit uns auf, so kann er der Speicherung seiner personenbezogenen Daten jederzeit widersprechen. In einem solchen Fall kann die Konversation nicht fortgef\u00fchrt werden. Alle personenbezogenen Daten, die im Zuge der Kontaktaufnahme gespeichert wurden, werden in diesem Fall gel\u00f6scht.<\/p>\n\n\n\n<div style=\"height:50px\" aria-hidden=\"true\" class=\"wp-block-spacer\"><\/div>\n\n\n\n<h2 class=\"wp-block-heading\">III. Rechte der betroffenen Person<\/h2>\n\n\n\n<p>Werden personenbezogene Daten von Ihnen verarbeitet, stehen Ihnen folgende Rechte zu: <br><br>(1)&nbsp;&nbsp;&nbsp;&nbsp;&nbsp;&nbsp;&nbsp;&nbsp;&nbsp; Recht auf Widerruf der Einwilligungserkl\u00e4rung Art. 7 Abs. 3 DSGVO <br>(2)&nbsp;&nbsp;&nbsp;&nbsp;&nbsp;&nbsp;&nbsp;&nbsp;&nbsp; Auskunftsrecht Art. 15 DSGVO <br>(3)&nbsp;&nbsp;&nbsp;&nbsp;&nbsp;&nbsp;&nbsp;&nbsp;&nbsp; Recht auf Berichtigung Art. 16 DSGVO <br>(4)&nbsp;&nbsp;&nbsp;&nbsp;&nbsp;&nbsp;&nbsp;&nbsp;&nbsp; Recht auf L\u00f6schung Art. 17 DSGVO <br>(5)&nbsp;&nbsp;&nbsp;&nbsp;&nbsp;&nbsp;&nbsp;&nbsp;&nbsp; Recht auf Einschr\u00e4nkung der Verarbeitung Art. 18 DSGVO <br>(6)&nbsp;&nbsp;&nbsp;&nbsp;&nbsp;&nbsp;&nbsp;&nbsp;&nbsp; Recht auf Unterrichtung Art. 19 DSGVO <br>(7)&nbsp;&nbsp;&nbsp;&nbsp;&nbsp;&nbsp;&nbsp;&nbsp;&nbsp; Recht auf Daten\u00fcbertragbarkeit Art. 20 DSGVO <br>(8)&nbsp;&nbsp;&nbsp;&nbsp;&nbsp;&nbsp;&nbsp;&nbsp;&nbsp; Widerspruchsrecht Art. 21 DSGVO<br><span class=\"tab_data\"><\/span><span><strong>Verarbeiten wir Ihre Daten im \u00f6ffentlichen Interesse gem\u00e4\u00df Art. 6 Abs. 1 lit. e DSGVO oder auf der Grundlage einer Interessenabw\u00e4gung gem\u00e4\u00df Art. 6 Abs. 1 lit. f DSGVO im nicht hoheitlichen Bereich k\u00f6nnen Sie dieser Verarbeitung widersprechen, soweit sich aus Ihrer besonderen Situation Gr\u00fcnde ergeben, die dieser Datenverarbeitung entgegenstehen. In diesem Fall beenden wir die Verarbeitung, sofern sie nicht unseren \u00fcberwiegend zwingenden schutzw\u00fcrdigen Interessen dient.<\/strong><\/span><br>(9)&nbsp;&nbsp;&nbsp;&nbsp;&nbsp;&nbsp;&nbsp;&nbsp;&nbsp; Recht auf Beschwerde bei einer Aufsichtsbeh\u00f6rde Art. 77 DSGVO<\/p>\n\n\n\n<p>Die f\u00fcr uns zust\u00e4ndige Aufsichtsbeh\u00f6rde ist: <br><br>Landesbeauftragter f\u00fcr den Datenschutz Sachsen-Anhalt <br>Leiterstra\u00dfe 9<br>39104 Magdeburg <br>E-Mail: <a href=\"mailto:poststelle@lfd.sachsen-anhalt.de\" data-type=\"mailto\" data-id=\"mailto:poststelle@lfd.sachsen-anhalt.de\">poststelle@lfd.sachsen-anhalt.de<\/a><br><br>\u2013 Stand April 2020 \u2013<\/p>\n","protected":false},"excerpt":{"rendered":"<p>Datenschutz Im Folgenden informieren wir \u00fcber die Verarbeitung personenbezogener Daten. Personenbezogene Daten sind alle Daten, die auf Sie pers\u00f6nlich beziehbar sind, z. B. Name, Adresse, E-Mail-Adressen, Nutzerverhalten. I. Name und [&hellip;]<\/p>\n","protected":false},"author":1,"featured_media":0,"parent":0,"menu_order":0,"comment_status":"closed","ping_status":"open","template":"","meta":{"footnotes":""},"_links":{"self":[{"href":"https:\/\/nachhaltig-wirtschaften-mitteldeutschland.de\/startseite\/wp-json\/wp\/v2\/pages\/3"}],"collection":[{"href":"https:\/\/nachhaltig-wirtschaften-mitteldeutschland.de\/startseite\/wp-json\/wp\/v2\/pages"}],"about":[{"href":"https:\/\/nachhaltig-wirtschaften-mitteldeutschland.de\/startseite\/wp-json\/wp\/v2\/types\/page"}],"author":[{"embeddable":true,"href":"https:\/\/nachhaltig-wirtschaften-mitteldeutschland.de\/startseite\/wp-json\/wp\/v2\/users\/1"}],"replies":[{"embeddable":true,"href":"https:\/\/nachhaltig-wirtschaften-mitteldeutschland.de\/startseite\/wp-json\/wp\/v2\/comments?post=3"}],"version-history":[{"count":11,"href":"https:\/\/nachhaltig-wirtschaften-mitteldeutschland.de\/startseite\/wp-json\/wp\/v2\/pages\/3\/revisions"}],"predecessor-version":[{"id":229,"href":"https:\/\/nachhaltig-wirtschaften-mitteldeutschland.de\/startseite\/wp-json\/wp\/v2\/pages\/3\/revisions\/229"}],"wp:attachment":[{"href":"https:\/\/nachhaltig-wirtschaften-mitteldeutschland.de\/startseite\/wp-json\/wp\/v2\/media?parent=3"}],"curies":[{"name":"wp","href":"https:\/\/api.w.org\/{rel}","templated":true}]}}